{"id":242,"date":"2023-04-24T10:25:58","date_gmt":"2023-04-24T10:25:58","guid":{"rendered":"http:\/\/napoleon-armengol.com\/?post_type=product&#038;p=242"},"modified":"2023-11-29T07:43:46","modified_gmt":"2023-11-29T07:43:46","slug":"curva-flexible-metalica-ros","status":"publish","type":"product","link":"https:\/\/napoleon-armengol.com\/fr\/product\/curva-flexible-metalica-ros\/","title":{"rendered":"COURBE FLEXIBLE M\u00c9TALLIQUE ROS"},"content":{"rendered":"<p><strong>Mat\u00e9riel:<\/strong> Embouts : Laiton nickel\u00e9. Tube interm\u00e9diaire : Acier inoxydable type AISI304 \u2013 1.4301 (X5CrNi18-10).<\/p>\n<p><strong>Utilitaire:<\/strong> Particuli\u00e8rement indiqu\u00e9 lorsque le syst\u00e8me de gestion des c\u00e2bles doit traverser des zones pr\u00e9sentant des obstacles \u00e9vidents \u00e0 surmonter (par exemple une colonne ou un changement de direction). Ce fait r\u00e9duit consid\u00e9rablement le co\u00fbt d&#039;installation car il r\u00e9duit le temps d&#039;installation et le nombre d&#039;accessoires n\u00e9cessaires pour r\u00e9aliser la connexion. Il sert \u00e9galement d&#039;\u00e9l\u00e9ment correcteur dans une installation pr\u00e9sentant des d\u00e9fauts d&#039;alignement des tubes install\u00e9s, car il peut \u00eatre courb\u00e9 de 0 \u00e0 180\u00b0 et \u00eatre r\u00e9adapt\u00e9 m\u00eame apr\u00e8s assemblage.<\/p>\n<p><strong>Note<\/strong>: Pour adapter la courbe flexible \u00e0 un syst\u00e8me enfichable il est n\u00e9cessaire d&#039;utiliser un manchon de couplage filet\u00e9 avec filetage femelle.<\/p>\n<p><img decoding=\"async\" class=\"wp-image-408 alignnone\" src=\"http:\/\/napoleon-armengol.com\/wp-content\/uploads\/2023\/04\/ce-2.png\" alt=\"\" width=\"80\" srcset=\"https:\/\/napoleon-armengol.com\/wp-content\/uploads\/2023\/04\/ce-2.png 500w, https:\/\/napoleon-armengol.com\/wp-content\/uploads\/2023\/04\/ce-2-300x108.png 300w\" sizes=\"(max-width: 500px) 100vw, 500px\" \/><\/p>","protected":false},"excerpt":{"rendered":"<p>DIMENSIONS SELON LA NORME CEI 60423<\/p>\n<p><img loading=\"lazy\" decoding=\"async\" class=\"aligncenter size-full wp-image-406\" src=\"http:\/\/napoleon-armengol.com\/wp-content\/uploads\/2023\/04\/020CRF-table.png\" alt=\"\" width=\"1864\" height=\"441\" srcset=\"https:\/\/napoleon-armengol.com\/wp-content\/uploads\/2023\/04\/020CRF-table.png 1864w, https:\/\/napoleon-armengol.com\/wp-content\/uploads\/2023\/04\/020CRF-table-300x71.png 300w, https:\/\/napoleon-armengol.com\/wp-content\/uploads\/2023\/04\/020CRF-table-1024x242.png 1024w, https:\/\/napoleon-armengol.com\/wp-content\/uploads\/2023\/04\/020CRF-table-768x182.png 768w, https:\/\/napoleon-armengol.com\/wp-content\/uploads\/2023\/04\/020CRF-table-1536x363.png 1536w\" sizes=\"auto, (max-width: 1864px) 100vw, 1864px\" \/><\/p>","protected":false},"featured_media":936,"comment_status":"closed","ping_status":"closed","template":"","meta":{"_acf_changed":false,"_kad_blocks_custom_css":"","_kad_blocks_head_custom_js":"","_kad_blocks_body_custom_js":"","_kad_blocks_footer_custom_js":"","_kad_post_transparent":"default","_kad_post_title":"","_kad_post_layout":"default","_kad_post_sidebar_id":"","_kad_post_content_style":"default","_kad_post_vertical_padding":"default","_kad_post_feature":"","_kad_post_feature_position":"","_kad_post_header":false,"_kad_post_footer":false,"footnotes":""},"product_cat":[15,18,52],"product_tag":[],"class_list":{"0":"post-242","1":"product","2":"type-product","3":"status-publish","4":"has-post-thumbnail","6":"product_cat-sistemas-de-tubo-rigido","7":"product_cat-sistema-de-tubo-rigido-electrogalvanizado","8":"product_cat-accesorios-tubo-rigido-eg","10":"first","11":"instock","12":"shipping-taxable","13":"product-type-simple","14":"entry","15":"content-bg","16":"loop-entry"},"acf":[],"yoast_head":"<!-- This site is optimized with the Yoast SEO plugin v27.5 - https:\/\/yoast.com\/product\/yoast-seo-wordpress\/ -->\n<title>CURVA FLEXIBLE MET\u00c1LICA ROS - Armengol<\/title>\n<meta name=\"robots\" content=\"index, follow, max-snippet:-1, max-image-preview:large, max-video-preview:-1\" \/>\n<link rel=\"canonical\" href=\"https:\/\/napoleon-armengol.com\/fr\/product\/curva-flexible-metalica-ros\/\" \/>\n<meta property=\"og:locale\" content=\"fr_FR\" \/>\n<meta property=\"og:type\" content=\"article\" \/>\n<meta property=\"og:title\" content=\"CURVA FLEXIBLE MET\u00c1LICA ROS - Armengol\" \/>\n<meta property=\"og:description\" content=\"DIMENSIONES SEG\u00daN NORMA IEC 60423\" \/>\n<meta property=\"og:url\" content=\"https:\/\/napoleon-armengol.com\/fr\/product\/curva-flexible-metalica-ros\/\" \/>\n<meta property=\"og:site_name\" content=\"Armengol\" \/>\n<meta property=\"article:modified_time\" content=\"2023-11-29T07:43:46+00:00\" \/>\n<meta property=\"og:image\" content=\"https:\/\/napoleon-armengol.com\/wp-content\/uploads\/2023\/04\/CURVA-FLEXIBLE-METALICA-ROS-1.png\" \/>\n\t<meta property=\"og:image:width\" content=\"1000\" \/>\n\t<meta property=\"og:image:height\" content=\"1000\" \/>\n\t<meta property=\"og:image:type\" content=\"image\/png\" \/>\n<meta name=\"twitter:card\" content=\"summary_large_image\" \/>\n<meta name=\"twitter:label1\" content=\"Dur\u00e9e de lecture estim\u00e9e\" \/>\n\t<meta name=\"twitter:data1\" content=\"1 minute\" \/>\n<script type=\"application\/ld+json\" class=\"yoast-schema-graph\">{\"@context\":\"https:\\\/\\\/schema.org\",\"@graph\":[{\"@type\":\"WebPage\",\"@id\":\"https:\\\/\\\/napoleon-armengol.com\\\/producto\\\/curva-flexible-metalica-ros\\\/\",\"url\":\"https:\\\/\\\/napoleon-armengol.com\\\/producto\\\/curva-flexible-metalica-ros\\\/\",\"name\":\"CURVA FLEXIBLE MET\u00c1LICA ROS - Armengol\",\"isPartOf\":{\"@id\":\"https:\\\/\\\/napoleon-armengol.com\\\/#website\"},\"primaryImageOfPage\":{\"@id\":\"https:\\\/\\\/napoleon-armengol.com\\\/producto\\\/curva-flexible-metalica-ros\\\/#primaryimage\"},\"image\":{\"@id\":\"https:\\\/\\\/napoleon-armengol.com\\\/producto\\\/curva-flexible-metalica-ros\\\/#primaryimage\"},\"thumbnailUrl\":\"https:\\\/\\\/napoleon-armengol.com\\\/wp-content\\\/uploads\\\/2023\\\/04\\\/CURVA-FLEXIBLE-METALICA-ROS-1.png\",\"datePublished\":\"2023-04-24T10:25:58+00:00\",\"dateModified\":\"2023-11-29T07:43:46+00:00\",\"breadcrumb\":{\"@id\":\"https:\\\/\\\/napoleon-armengol.com\\\/producto\\\/curva-flexible-metalica-ros\\\/#breadcrumb\"},\"inLanguage\":\"fr-FR\",\"potentialAction\":[{\"@type\":\"ReadAction\",\"target\":[\"https:\\\/\\\/napoleon-armengol.com\\\/producto\\\/curva-flexible-metalica-ros\\\/\"]}]},{\"@type\":\"ImageObject\",\"inLanguage\":\"fr-FR\",\"@id\":\"https:\\\/\\\/napoleon-armengol.com\\\/producto\\\/curva-flexible-metalica-ros\\\/#primaryimage\",\"url\":\"https:\\\/\\\/napoleon-armengol.com\\\/wp-content\\\/uploads\\\/2023\\\/04\\\/CURVA-FLEXIBLE-METALICA-ROS-1.png\",\"contentUrl\":\"https:\\\/\\\/napoleon-armengol.com\\\/wp-content\\\/uploads\\\/2023\\\/04\\\/CURVA-FLEXIBLE-METALICA-ROS-1.png\",\"width\":1000,\"height\":1000},{\"@type\":\"BreadcrumbList\",\"@id\":\"https:\\\/\\\/napoleon-armengol.com\\\/producto\\\/curva-flexible-metalica-ros\\\/#breadcrumb\",\"itemListElement\":[{\"@type\":\"ListItem\",\"position\":1,\"name\":\"Portada\",\"item\":\"https:\\\/\\\/napoleon-armengol.com\\\/\"},{\"@type\":\"ListItem\",\"position\":2,\"name\":\"Productos\",\"item\":\"https:\\\/\\\/napoleon-armengol.com\\\/productos\\\/\"},{\"@type\":\"ListItem\",\"position\":3,\"name\":\"CURVA FLEXIBLE MET\u00c1LICA ROS\"}]},{\"@type\":\"WebSite\",\"@id\":\"https:\\\/\\\/napoleon-armengol.com\\\/#website\",\"url\":\"https:\\\/\\\/napoleon-armengol.com\\\/\",\"name\":\"Armengol\",\"description\":\"Seguridad y especializaci\u00f3n\",\"publisher\":{\"@id\":\"https:\\\/\\\/napoleon-armengol.com\\\/#organization\"},\"potentialAction\":[{\"@type\":\"SearchAction\",\"target\":{\"@type\":\"EntryPoint\",\"urlTemplate\":\"https:\\\/\\\/napoleon-armengol.com\\\/?s={search_term_string}\"},\"query-input\":{\"@type\":\"PropertyValueSpecification\",\"valueRequired\":true,\"valueName\":\"search_term_string\"}}],\"inLanguage\":\"fr-FR\"},{\"@type\":\"Organization\",\"@id\":\"https:\\\/\\\/napoleon-armengol.com\\\/#organization\",\"name\":\"Armengol\",\"url\":\"https:\\\/\\\/napoleon-armengol.com\\\/\",\"logo\":{\"@type\":\"ImageObject\",\"inLanguage\":\"fr-FR\",\"@id\":\"https:\\\/\\\/napoleon-armengol.com\\\/#\\\/schema\\\/logo\\\/image\\\/\",\"url\":\"https:\\\/\\\/napoleon-armengol.com\\\/wp-content\\\/uploads\\\/2023\\\/04\\\/LOGO-ARMENGOL.png\",\"contentUrl\":\"https:\\\/\\\/napoleon-armengol.com\\\/wp-content\\\/uploads\\\/2023\\\/04\\\/LOGO-ARMENGOL.png\",\"width\":460,\"height\":81,\"caption\":\"Armengol\"},\"image\":{\"@id\":\"https:\\\/\\\/napoleon-armengol.com\\\/#\\\/schema\\\/logo\\\/image\\\/\"}}]}<\/script>\n<!-- \/ Yoast SEO plugin. -->","yoast_head_json":{"title":"CURVA FLEXIBLE MET\u00c1LICA ROS - Armengol","robots":{"index":"index","follow":"follow","max-snippet":"max-snippet:-1","max-image-preview":"max-image-preview:large","max-video-preview":"max-video-preview:-1"},"canonical":"https:\/\/napoleon-armengol.com\/fr\/product\/curva-flexible-metalica-ros\/","og_locale":"fr_FR","og_type":"article","og_title":"CURVA FLEXIBLE MET\u00c1LICA ROS - Armengol","og_description":"DIMENSIONES SEG\u00daN NORMA IEC 60423","og_url":"https:\/\/napoleon-armengol.com\/fr\/product\/curva-flexible-metalica-ros\/","og_site_name":"Armengol","article_modified_time":"2023-11-29T07:43:46+00:00","og_image":[{"width":1000,"height":1000,"url":"https:\/\/napoleon-armengol.com\/wp-content\/uploads\/2023\/04\/CURVA-FLEXIBLE-METALICA-ROS-1.png","type":"image\/png"}],"twitter_card":"summary_large_image","twitter_misc":{"Dur\u00e9e de lecture estim\u00e9e":"1 minute"},"schema":{"@context":"https:\/\/schema.org","@graph":[{"@type":"WebPage","@id":"https:\/\/napoleon-armengol.com\/producto\/curva-flexible-metalica-ros\/","url":"https:\/\/napoleon-armengol.com\/producto\/curva-flexible-metalica-ros\/","name":"CURVA FLEXIBLE MET\u00c1LICA ROS - Armengol","isPartOf":{"@id":"https:\/\/napoleon-armengol.com\/#website"},"primaryImageOfPage":{"@id":"https:\/\/napoleon-armengol.com\/producto\/curva-flexible-metalica-ros\/#primaryimage"},"image":{"@id":"https:\/\/napoleon-armengol.com\/producto\/curva-flexible-metalica-ros\/#primaryimage"},"thumbnailUrl":"https:\/\/napoleon-armengol.com\/wp-content\/uploads\/2023\/04\/CURVA-FLEXIBLE-METALICA-ROS-1.png","datePublished":"2023-04-24T10:25:58+00:00","dateModified":"2023-11-29T07:43:46+00:00","breadcrumb":{"@id":"https:\/\/napoleon-armengol.com\/producto\/curva-flexible-metalica-ros\/#breadcrumb"},"inLanguage":"fr-FR","potentialAction":[{"@type":"ReadAction","target":["https:\/\/napoleon-armengol.com\/producto\/curva-flexible-metalica-ros\/"]}]},{"@type":"ImageObject","inLanguage":"fr-FR","@id":"https:\/\/napoleon-armengol.com\/producto\/curva-flexible-metalica-ros\/#primaryimage","url":"https:\/\/napoleon-armengol.com\/wp-content\/uploads\/2023\/04\/CURVA-FLEXIBLE-METALICA-ROS-1.png","contentUrl":"https:\/\/napoleon-armengol.com\/wp-content\/uploads\/2023\/04\/CURVA-FLEXIBLE-METALICA-ROS-1.png","width":1000,"height":1000},{"@type":"BreadcrumbList","@id":"https:\/\/napoleon-armengol.com\/producto\/curva-flexible-metalica-ros\/#breadcrumb","itemListElement":[{"@type":"ListItem","position":1,"name":"Portada","item":"https:\/\/napoleon-armengol.com\/"},{"@type":"ListItem","position":2,"name":"Productos","item":"https:\/\/napoleon-armengol.com\/productos\/"},{"@type":"ListItem","position":3,"name":"CURVA FLEXIBLE MET\u00c1LICA ROS"}]},{"@type":"WebSite","@id":"https:\/\/napoleon-armengol.com\/#website","url":"https:\/\/napoleon-armengol.com\/","name":"Armengol","description":"Seguridad y especializaci\u00f3n","publisher":{"@id":"https:\/\/napoleon-armengol.com\/#organization"},"potentialAction":[{"@type":"SearchAction","target":{"@type":"EntryPoint","urlTemplate":"https:\/\/napoleon-armengol.com\/?s={search_term_string}"},"query-input":{"@type":"PropertyValueSpecification","valueRequired":true,"valueName":"search_term_string"}}],"inLanguage":"fr-FR"},{"@type":"Organization","@id":"https:\/\/napoleon-armengol.com\/#organization","name":"Armengol","url":"https:\/\/napoleon-armengol.com\/","logo":{"@type":"ImageObject","inLanguage":"fr-FR","@id":"https:\/\/napoleon-armengol.com\/#\/schema\/logo\/image\/","url":"https:\/\/napoleon-armengol.com\/wp-content\/uploads\/2023\/04\/LOGO-ARMENGOL.png","contentUrl":"https:\/\/napoleon-armengol.com\/wp-content\/uploads\/2023\/04\/LOGO-ARMENGOL.png","width":460,"height":81,"caption":"Armengol"},"image":{"@id":"https:\/\/napoleon-armengol.com\/#\/schema\/logo\/image\/"}}]}},"taxonomy_info":{"product_cat":[{"value":15,"label":"Sistemas de tubo r\u00edgido"},{"value":18,"label":"Sistema de tubo r\u00edgido Electrogalvanizado"},{"value":52,"label":"Accesorios tubo r\u00edgido EG"}]},"featured_image_src_large":["https:\/\/napoleon-armengol.com\/wp-content\/uploads\/2023\/04\/CURVA-FLEXIBLE-METALICA-ROS-1.png",1000,1000,false],"author_info":[],"comment_info":0,"_links":{"self":[{"href":"https:\/\/napoleon-armengol.com\/fr\/wp-json\/wp\/v2\/product\/242","targetHints":{"allow":["GET"]}}],"collection":[{"href":"https:\/\/napoleon-armengol.com\/fr\/wp-json\/wp\/v2\/product"}],"about":[{"href":"https:\/\/napoleon-armengol.com\/fr\/wp-json\/wp\/v2\/types\/product"}],"replies":[{"embeddable":true,"href":"https:\/\/napoleon-armengol.com\/fr\/wp-json\/wp\/v2\/comments?post=242"}],"version-history":[{"count":2,"href":"https:\/\/napoleon-armengol.com\/fr\/wp-json\/wp\/v2\/product\/242\/revisions"}],"predecessor-version":[{"id":1656,"href":"https:\/\/napoleon-armengol.com\/fr\/wp-json\/wp\/v2\/product\/242\/revisions\/1656"}],"wp:featuredmedia":[{"embeddable":true,"href":"https:\/\/napoleon-armengol.com\/fr\/wp-json\/wp\/v2\/media\/936"}],"wp:attachment":[{"href":"https:\/\/napoleon-armengol.com\/fr\/wp-json\/wp\/v2\/media?parent=242"}],"wp:term":[{"taxonomy":"product_cat","embeddable":true,"href":"https:\/\/napoleon-armengol.com\/fr\/wp-json\/wp\/v2\/product_cat?post=242"},{"taxonomy":"product_tag","embeddable":true,"href":"https:\/\/napoleon-armengol.com\/fr\/wp-json\/wp\/v2\/product_tag?post=242"}],"curies":[{"name":"wp","href":"https:\/\/api.w.org\/{rel}","templated":true}]}}