{"id":245,"date":"2023-04-24T10:44:45","date_gmt":"2023-04-24T10:44:45","guid":{"rendered":"http:\/\/napoleon-armengol.com\/?post_type=product&#038;p=245"},"modified":"2023-11-17T10:58:10","modified_gmt":"2023-11-17T10:58:10","slug":"manguito-acoplamiento-rosca-hembra","status":"publish","type":"product","link":"https:\/\/napoleon-armengol.com\/fr\/product\/manguito-acoplamiento-rosca-hembra\/","title":{"rendered":"MANCHON DE RACCORD FILETAGE FEMELLE"},"content":{"rendered":"<p>SP\u00c9CIFICATIONS TECHNIQUES SELON LA NORME CEI 61386-21<\/p>\n<p><strong>Code<\/strong>: 555711544010.<br \/>\n<strong>Temp\u00e9rature d&#039;utilisation<\/strong>: -45\u00baC +400\u00baC.<br \/>\n<strong>R\u00e9sistance \u00e0 la compression<\/strong>: &gt; 4 000 N.<br \/>\n<strong>R\u00e9sistance aux chocs<\/strong>: &gt; 20J \u00e0 -45\u00baC.<br \/>\n<strong>R\u00e9sistance \u00e0 la corrosion des syst\u00e8mes de canalisations<\/strong>: Haut.<br \/>\n<strong style=\"font-family: var(--global-body-font-family)\">Aucun propagateur de la flamme.<\/strong><\/p>\n<p><strong>Mat\u00e9riel:<\/strong> Laiton nickel\u00e9.<\/p>\n<p><strong>Utilitaire:<\/strong> Les manchons de couplage \u00e0 filetage femelle sont utilis\u00e9s pour relier un syst\u00e8me de tubes filet\u00e9s \u00e0 un syst\u00e8me de tubes enfichables et vice versa. Ils garantissent un degr\u00e9 de protection IP67 \u00e0 une temp\u00e9rature de fonctionnement comprise entre -25\u00b0C et +150\u00b0C.<\/p>\n<p><img decoding=\"async\" class=\"wp-image-408 alignnone\" src=\"http:\/\/napoleon-armengol.com\/wp-content\/uploads\/2023\/04\/ce-2.png\" alt=\"\" width=\"80\" srcset=\"https:\/\/napoleon-armengol.com\/wp-content\/uploads\/2023\/04\/ce-2.png 500w, https:\/\/napoleon-armengol.com\/wp-content\/uploads\/2023\/04\/ce-2-300x108.png 300w\" sizes=\"(max-width: 500px) 100vw, 500px\" \/><\/p>","protected":false},"excerpt":{"rendered":"<p>DIMENSIONS SELON LA NORME CEI 60423<\/p>\n<p><img loading=\"lazy\" decoding=\"async\" class=\"aligncenter size-full wp-image-411\" src=\"http:\/\/napoleon-armengol.com\/wp-content\/uploads\/2023\/04\/020MAH-table.png\" alt=\"\" width=\"1868\" height=\"413\" srcset=\"https:\/\/napoleon-armengol.com\/wp-content\/uploads\/2023\/04\/020MAH-table.png 1868w, https:\/\/napoleon-armengol.com\/wp-content\/uploads\/2023\/04\/020MAH-table-300x66.png 300w, https:\/\/napoleon-armengol.com\/wp-content\/uploads\/2023\/04\/020MAH-table-1024x226.png 1024w, https:\/\/napoleon-armengol.com\/wp-content\/uploads\/2023\/04\/020MAH-table-768x170.png 768w, https:\/\/napoleon-armengol.com\/wp-content\/uploads\/2023\/04\/020MAH-table-1536x340.png 1536w\" sizes=\"auto, (max-width: 1868px) 100vw, 1868px\" \/><\/p>","protected":false},"featured_media":937,"comment_status":"closed","ping_status":"closed","template":"","meta":{"_acf_changed":false,"_kad_blocks_custom_css":"","_kad_blocks_head_custom_js":"","_kad_blocks_body_custom_js":"","_kad_blocks_footer_custom_js":"","_kad_post_transparent":"default","_kad_post_title":"","_kad_post_layout":"default","_kad_post_sidebar_id":"","_kad_post_content_style":"default","_kad_post_vertical_padding":"default","_kad_post_feature":"","_kad_post_feature_position":"","_kad_post_header":false,"_kad_post_footer":false,"footnotes":""},"product_cat":[15,18,52],"product_tag":[],"class_list":{"0":"post-245","1":"product","2":"type-product","3":"status-publish","4":"has-post-thumbnail","6":"product_cat-sistemas-de-tubo-rigido","7":"product_cat-sistema-de-tubo-rigido-electrogalvanizado","8":"product_cat-accesorios-tubo-rigido-eg","10":"first","11":"instock","12":"shipping-taxable","13":"product-type-simple","14":"entry","15":"content-bg","16":"loop-entry"},"acf":[],"yoast_head":"<!-- This site is optimized with the Yoast SEO plugin v27.5 - https:\/\/yoast.com\/product\/yoast-seo-wordpress\/ -->\n<title>MANGUITO ACOPLAMIENTO ROSCA HEMBRA - Armengol<\/title>\n<meta name=\"robots\" content=\"index, follow, max-snippet:-1, max-image-preview:large, max-video-preview:-1\" \/>\n<link rel=\"canonical\" href=\"https:\/\/napoleon-armengol.com\/fr\/product\/manguito-acoplamiento-rosca-hembra\/\" \/>\n<meta property=\"og:locale\" content=\"fr_FR\" \/>\n<meta property=\"og:type\" content=\"article\" \/>\n<meta property=\"og:title\" content=\"MANGUITO ACOPLAMIENTO ROSCA HEMBRA - Armengol\" \/>\n<meta property=\"og:description\" content=\"DIMENSIONES SEG\u00daN NORMA IEC 60423\" \/>\n<meta property=\"og:url\" content=\"https:\/\/napoleon-armengol.com\/fr\/product\/manguito-acoplamiento-rosca-hembra\/\" \/>\n<meta property=\"og:site_name\" content=\"Armengol\" \/>\n<meta property=\"article:modified_time\" content=\"2023-11-17T10:58:10+00:00\" \/>\n<meta property=\"og:image\" content=\"https:\/\/napoleon-armengol.com\/wp-content\/uploads\/2023\/04\/MANGUITO-ACOPLAMIENTO-ROSCA-HEMBRA-1.png\" \/>\n\t<meta property=\"og:image:width\" content=\"1000\" \/>\n\t<meta property=\"og:image:height\" content=\"1000\" \/>\n\t<meta property=\"og:image:type\" content=\"image\/png\" \/>\n<meta name=\"twitter:card\" content=\"summary_large_image\" \/>\n<meta name=\"twitter:label1\" content=\"Dur\u00e9e de lecture estim\u00e9e\" \/>\n\t<meta name=\"twitter:data1\" content=\"1 minute\" \/>\n<script type=\"application\/ld+json\" class=\"yoast-schema-graph\">{\"@context\":\"https:\\\/\\\/schema.org\",\"@graph\":[{\"@type\":\"WebPage\",\"@id\":\"https:\\\/\\\/napoleon-armengol.com\\\/producto\\\/manguito-acoplamiento-rosca-hembra\\\/\",\"url\":\"https:\\\/\\\/napoleon-armengol.com\\\/producto\\\/manguito-acoplamiento-rosca-hembra\\\/\",\"name\":\"MANGUITO ACOPLAMIENTO ROSCA HEMBRA - Armengol\",\"isPartOf\":{\"@id\":\"https:\\\/\\\/napoleon-armengol.com\\\/#website\"},\"primaryImageOfPage\":{\"@id\":\"https:\\\/\\\/napoleon-armengol.com\\\/producto\\\/manguito-acoplamiento-rosca-hembra\\\/#primaryimage\"},\"image\":{\"@id\":\"https:\\\/\\\/napoleon-armengol.com\\\/producto\\\/manguito-acoplamiento-rosca-hembra\\\/#primaryimage\"},\"thumbnailUrl\":\"https:\\\/\\\/napoleon-armengol.com\\\/wp-content\\\/uploads\\\/2023\\\/04\\\/MANGUITO-ACOPLAMIENTO-ROSCA-HEMBRA-1.png\",\"datePublished\":\"2023-04-24T10:44:45+00:00\",\"dateModified\":\"2023-11-17T10:58:10+00:00\",\"breadcrumb\":{\"@id\":\"https:\\\/\\\/napoleon-armengol.com\\\/producto\\\/manguito-acoplamiento-rosca-hembra\\\/#breadcrumb\"},\"inLanguage\":\"fr-FR\",\"potentialAction\":[{\"@type\":\"ReadAction\",\"target\":[\"https:\\\/\\\/napoleon-armengol.com\\\/producto\\\/manguito-acoplamiento-rosca-hembra\\\/\"]}]},{\"@type\":\"ImageObject\",\"inLanguage\":\"fr-FR\",\"@id\":\"https:\\\/\\\/napoleon-armengol.com\\\/producto\\\/manguito-acoplamiento-rosca-hembra\\\/#primaryimage\",\"url\":\"https:\\\/\\\/napoleon-armengol.com\\\/wp-content\\\/uploads\\\/2023\\\/04\\\/MANGUITO-ACOPLAMIENTO-ROSCA-HEMBRA-1.png\",\"contentUrl\":\"https:\\\/\\\/napoleon-armengol.com\\\/wp-content\\\/uploads\\\/2023\\\/04\\\/MANGUITO-ACOPLAMIENTO-ROSCA-HEMBRA-1.png\",\"width\":1000,\"height\":1000},{\"@type\":\"BreadcrumbList\",\"@id\":\"https:\\\/\\\/napoleon-armengol.com\\\/producto\\\/manguito-acoplamiento-rosca-hembra\\\/#breadcrumb\",\"itemListElement\":[{\"@type\":\"ListItem\",\"position\":1,\"name\":\"Portada\",\"item\":\"https:\\\/\\\/napoleon-armengol.com\\\/\"},{\"@type\":\"ListItem\",\"position\":2,\"name\":\"Productos\",\"item\":\"https:\\\/\\\/napoleon-armengol.com\\\/productos\\\/\"},{\"@type\":\"ListItem\",\"position\":3,\"name\":\"MANGUITO ACOPLAMIENTO ROSCA HEMBRA\"}]},{\"@type\":\"WebSite\",\"@id\":\"https:\\\/\\\/napoleon-armengol.com\\\/#website\",\"url\":\"https:\\\/\\\/napoleon-armengol.com\\\/\",\"name\":\"Armengol\",\"description\":\"Seguridad y especializaci\u00f3n\",\"publisher\":{\"@id\":\"https:\\\/\\\/napoleon-armengol.com\\\/#organization\"},\"potentialAction\":[{\"@type\":\"SearchAction\",\"target\":{\"@type\":\"EntryPoint\",\"urlTemplate\":\"https:\\\/\\\/napoleon-armengol.com\\\/?s={search_term_string}\"},\"query-input\":{\"@type\":\"PropertyValueSpecification\",\"valueRequired\":true,\"valueName\":\"search_term_string\"}}],\"inLanguage\":\"fr-FR\"},{\"@type\":\"Organization\",\"@id\":\"https:\\\/\\\/napoleon-armengol.com\\\/#organization\",\"name\":\"Armengol\",\"url\":\"https:\\\/\\\/napoleon-armengol.com\\\/\",\"logo\":{\"@type\":\"ImageObject\",\"inLanguage\":\"fr-FR\",\"@id\":\"https:\\\/\\\/napoleon-armengol.com\\\/#\\\/schema\\\/logo\\\/image\\\/\",\"url\":\"https:\\\/\\\/napoleon-armengol.com\\\/wp-content\\\/uploads\\\/2023\\\/04\\\/LOGO-ARMENGOL.png\",\"contentUrl\":\"https:\\\/\\\/napoleon-armengol.com\\\/wp-content\\\/uploads\\\/2023\\\/04\\\/LOGO-ARMENGOL.png\",\"width\":460,\"height\":81,\"caption\":\"Armengol\"},\"image\":{\"@id\":\"https:\\\/\\\/napoleon-armengol.com\\\/#\\\/schema\\\/logo\\\/image\\\/\"}}]}<\/script>\n<!-- \/ Yoast SEO plugin. -->","yoast_head_json":{"title":"MANGUITO ACOPLAMIENTO ROSCA HEMBRA - Armengol","robots":{"index":"index","follow":"follow","max-snippet":"max-snippet:-1","max-image-preview":"max-image-preview:large","max-video-preview":"max-video-preview:-1"},"canonical":"https:\/\/napoleon-armengol.com\/fr\/product\/manguito-acoplamiento-rosca-hembra\/","og_locale":"fr_FR","og_type":"article","og_title":"MANGUITO ACOPLAMIENTO ROSCA HEMBRA - Armengol","og_description":"DIMENSIONES SEG\u00daN NORMA IEC 60423","og_url":"https:\/\/napoleon-armengol.com\/fr\/product\/manguito-acoplamiento-rosca-hembra\/","og_site_name":"Armengol","article_modified_time":"2023-11-17T10:58:10+00:00","og_image":[{"width":1000,"height":1000,"url":"https:\/\/napoleon-armengol.com\/wp-content\/uploads\/2023\/04\/MANGUITO-ACOPLAMIENTO-ROSCA-HEMBRA-1.png","type":"image\/png"}],"twitter_card":"summary_large_image","twitter_misc":{"Dur\u00e9e de lecture estim\u00e9e":"1 minute"},"schema":{"@context":"https:\/\/schema.org","@graph":[{"@type":"WebPage","@id":"https:\/\/napoleon-armengol.com\/producto\/manguito-acoplamiento-rosca-hembra\/","url":"https:\/\/napoleon-armengol.com\/producto\/manguito-acoplamiento-rosca-hembra\/","name":"MANGUITO ACOPLAMIENTO ROSCA HEMBRA - Armengol","isPartOf":{"@id":"https:\/\/napoleon-armengol.com\/#website"},"primaryImageOfPage":{"@id":"https:\/\/napoleon-armengol.com\/producto\/manguito-acoplamiento-rosca-hembra\/#primaryimage"},"image":{"@id":"https:\/\/napoleon-armengol.com\/producto\/manguito-acoplamiento-rosca-hembra\/#primaryimage"},"thumbnailUrl":"https:\/\/napoleon-armengol.com\/wp-content\/uploads\/2023\/04\/MANGUITO-ACOPLAMIENTO-ROSCA-HEMBRA-1.png","datePublished":"2023-04-24T10:44:45+00:00","dateModified":"2023-11-17T10:58:10+00:00","breadcrumb":{"@id":"https:\/\/napoleon-armengol.com\/producto\/manguito-acoplamiento-rosca-hembra\/#breadcrumb"},"inLanguage":"fr-FR","potentialAction":[{"@type":"ReadAction","target":["https:\/\/napoleon-armengol.com\/producto\/manguito-acoplamiento-rosca-hembra\/"]}]},{"@type":"ImageObject","inLanguage":"fr-FR","@id":"https:\/\/napoleon-armengol.com\/producto\/manguito-acoplamiento-rosca-hembra\/#primaryimage","url":"https:\/\/napoleon-armengol.com\/wp-content\/uploads\/2023\/04\/MANGUITO-ACOPLAMIENTO-ROSCA-HEMBRA-1.png","contentUrl":"https:\/\/napoleon-armengol.com\/wp-content\/uploads\/2023\/04\/MANGUITO-ACOPLAMIENTO-ROSCA-HEMBRA-1.png","width":1000,"height":1000},{"@type":"BreadcrumbList","@id":"https:\/\/napoleon-armengol.com\/producto\/manguito-acoplamiento-rosca-hembra\/#breadcrumb","itemListElement":[{"@type":"ListItem","position":1,"name":"Portada","item":"https:\/\/napoleon-armengol.com\/"},{"@type":"ListItem","position":2,"name":"Productos","item":"https:\/\/napoleon-armengol.com\/productos\/"},{"@type":"ListItem","position":3,"name":"MANGUITO ACOPLAMIENTO ROSCA HEMBRA"}]},{"@type":"WebSite","@id":"https:\/\/napoleon-armengol.com\/#website","url":"https:\/\/napoleon-armengol.com\/","name":"Armengol","description":"Seguridad y especializaci\u00f3n","publisher":{"@id":"https:\/\/napoleon-armengol.com\/#organization"},"potentialAction":[{"@type":"SearchAction","target":{"@type":"EntryPoint","urlTemplate":"https:\/\/napoleon-armengol.com\/?s={search_term_string}"},"query-input":{"@type":"PropertyValueSpecification","valueRequired":true,"valueName":"search_term_string"}}],"inLanguage":"fr-FR"},{"@type":"Organization","@id":"https:\/\/napoleon-armengol.com\/#organization","name":"Armengol","url":"https:\/\/napoleon-armengol.com\/","logo":{"@type":"ImageObject","inLanguage":"fr-FR","@id":"https:\/\/napoleon-armengol.com\/#\/schema\/logo\/image\/","url":"https:\/\/napoleon-armengol.com\/wp-content\/uploads\/2023\/04\/LOGO-ARMENGOL.png","contentUrl":"https:\/\/napoleon-armengol.com\/wp-content\/uploads\/2023\/04\/LOGO-ARMENGOL.png","width":460,"height":81,"caption":"Armengol"},"image":{"@id":"https:\/\/napoleon-armengol.com\/#\/schema\/logo\/image\/"}}]}},"taxonomy_info":{"product_cat":[{"value":15,"label":"Sistemas de tubo r\u00edgido"},{"value":18,"label":"Sistema de tubo r\u00edgido Electrogalvanizado"},{"value":52,"label":"Accesorios tubo r\u00edgido EG"}]},"featured_image_src_large":["https:\/\/napoleon-armengol.com\/wp-content\/uploads\/2023\/04\/MANGUITO-ACOPLAMIENTO-ROSCA-HEMBRA-1.png",1000,1000,false],"author_info":[],"comment_info":0,"_links":{"self":[{"href":"https:\/\/napoleon-armengol.com\/fr\/wp-json\/wp\/v2\/product\/245","targetHints":{"allow":["GET"]}}],"collection":[{"href":"https:\/\/napoleon-armengol.com\/fr\/wp-json\/wp\/v2\/product"}],"about":[{"href":"https:\/\/napoleon-armengol.com\/fr\/wp-json\/wp\/v2\/types\/product"}],"replies":[{"embeddable":true,"href":"https:\/\/napoleon-armengol.com\/fr\/wp-json\/wp\/v2\/comments?post=245"}],"version-history":[{"count":0,"href":"https:\/\/napoleon-armengol.com\/fr\/wp-json\/wp\/v2\/product\/245\/revisions"}],"wp:featuredmedia":[{"embeddable":true,"href":"https:\/\/napoleon-armengol.com\/fr\/wp-json\/wp\/v2\/media\/937"}],"wp:attachment":[{"href":"https:\/\/napoleon-armengol.com\/fr\/wp-json\/wp\/v2\/media?parent=245"}],"wp:term":[{"taxonomy":"product_cat","embeddable":true,"href":"https:\/\/napoleon-armengol.com\/fr\/wp-json\/wp\/v2\/product_cat?post=245"},{"taxonomy":"product_tag","embeddable":true,"href":"https:\/\/napoleon-armengol.com\/fr\/wp-json\/wp\/v2\/product_tag?post=245"}],"curies":[{"name":"wp","href":"https:\/\/api.w.org\/{rel}","templated":true}]}}